{"id":8472,"date":"2024-05-27T16:33:32","date_gmt":"2024-05-27T22:33:32","guid":{"rendered":"https:\/\/lightsteelblue-rail-268728.hostingersite.com\/?page_id=8472"},"modified":"2026-01-07T07:32:21","modified_gmt":"2026-01-07T13:32:21","slug":"facturacion","status":"publish","type":"page","link":"https:\/\/lavendi.space\/estrublocknuevo\/facturacion","title":{"rendered":"Facturaci\u00f3n"},"content":{"rendered":"<style>.kb-row-layout-wrap.wp-block-kadence-rowlayout.kb-row-layout-id8472_c7e3c2-bd{margin-bottom:0px;margin-top:-20px;}.kb-row-layout-id8472_c7e3c2-bd > .kt-row-column-wrap{align-content:center;}:where(.kb-row-layout-id8472_c7e3c2-bd > .kt-row-column-wrap) > .wp-block-kadence-column{justify-content:center;}.kb-row-layout-id8472_c7e3c2-bd > .kt-row-column-wrap{column-gap:var(--global-kb-gap-md, 2rem);row-gap:var(--global-kb-gap-none, 0rem );max-width:1200px;padding-top:50px;padding-right:50px;padding-bottom:50px;padding-left:50px;min-height:600px;grid-template-columns:minmax(0, calc(50% - ((var(--global-kb-gap-md, 2rem) * 1 )\/2)))minmax(0, calc(50% - ((var(--global-kb-gap-md, 2rem) * 1 )\/2)));}.kb-row-layout-id8472_c7e3c2-bd{background-image:url('https:\/\/lightsteelblue-rail-268728.hostingersite.com\/wp-content\/uploads\/2024\/03\/ALMACEN1.jpeg');background-size:cover;background-position:center center;background-attachment:fixed;background-repeat:no-repeat;}.kb-row-layout-id8472_c7e3c2-bd > .kt-row-layout-overlay{opacity:0.90;background-color:var(--base-2);}.kb-row-layout-id8472_c7e3c2-bd a{color:#ec6b6b;}.kb-row-layout-id8472_c7e3c2-bd a:hover{color:#ec6b6b;}.kb-row-layout-id8472_c7e3c2-bd .kt-row-layout-bottom-sep{height:25px;}.kb-row-layout-id8472_c7e3c2-bd .kt-row-layout-bottom-sep svg{width:100%;}.kb-row-layout-id8472_c7e3c2-bd .kt-row-layout-bottom-sep svg{fill:#ffffff!important;}.kb-row-layout-id8472_c7e3c2-bd .kt-row-layout-top-sep{height:25px;}.kb-row-layout-id8472_c7e3c2-bd .kt-row-layout-top-sep svg{width:100%;}.kb-row-layout-id8472_c7e3c2-bd .kt-row-layout-top-sep svg{fill:#ffffff!important;}@media all and (max-width: 1024px), only screen and (min-device-width: 1024px) and (max-device-width: 1366px) and (-webkit-min-device-pixel-ratio: 2) and (hover: none){.kb-row-layout-id8472_c7e3c2-bd{background-attachment:scroll;}}@media all and (max-width: 1024px){.kb-row-layout-id8472_c7e3c2-bd > .kt-row-column-wrap{grid-template-columns:repeat(2, minmax(0, 1fr));}}@media all and (max-width: 1024px){.kb-row-layout-id8472_c7e3c2-bd .kt-row-layout-bottom-sep{height:px;}}@media all and (max-width: 1024px){.kb-row-layout-id8472_c7e3c2-bd .kt-row-layout-bottom-sep svg{width:%;}}@media all and (max-width: 767px){.kb-row-layout-id8472_c7e3c2-bd > .kt-row-column-wrap{padding-top:35px;padding-right:20px;padding-bottom:35px;padding-left:20px;grid-template-columns:minmax(0, 1fr);}.kb-row-layout-id8472_c7e3c2-bd .kt-row-layout-bottom-sep{height:px;}.kb-row-layout-id8472_c7e3c2-bd .kt-row-layout-bottom-sep svg{width:%;}}<\/style><div class=\"kb-row-layout-wrap kb-row-layout-id8472_c7e3c2-bd alignfull kt-row-has-bg kt-jarallax wp-block-kadence-rowlayout\" id=\"contactar\" data-img-position=\"center center\" data-img-size=\"cover\"><div class=\"kt-row-layout-overlay kt-row-overlay-normal\"><\/div><div class=\"kt-row-column-wrap kt-has-2-columns kt-row-layout-equal kt-tab-layout-inherit kt-mobile-layout-row kt-row-valign-middle kt-inner-column-height-full kb-theme-content-width\">\n<style>.kadence-column8472_ffb7fb-3f > .kt-inside-inner-col{display:flex;}.kadence-column8472_ffb7fb-3f > .kt-inside-inner-col{padding-right:20px;padding-left:20px;}.kadence-column8472_ffb7fb-3f > .kt-inside-inner-col,.kadence-column8472_ffb7fb-3f > .kt-inside-inner-col:before{border-top-left-radius:0px;border-top-right-radius:0px;border-bottom-right-radius:0px;border-bottom-left-radius:0px;}.kadence-column8472_ffb7fb-3f > .kt-inside-inner-col{column-gap:var(--global-kb-gap-sm, 1rem);}.kadence-column8472_ffb7fb-3f > .kt-inside-inner-col{flex-direction:column;justify-content:center;}.kadence-column8472_ffb7fb-3f > .kt-inside-inner-col > .aligncenter{width:100%;}.kt-row-column-wrap > .kadence-column8472_ffb7fb-3f{align-self:center;}.kt-inner-column-height-full:not(.kt-has-1-columns) > .wp-block-kadence-column.kadence-column8472_ffb7fb-3f{align-self:auto;}.kt-inner-column-height-full:not(.kt-has-1-columns) > .wp-block-kadence-column.kadence-column8472_ffb7fb-3f > .kt-inside-inner-col{flex-direction:column;justify-content:center;}.kadence-column8472_ffb7fb-3f > .kt-inside-inner-col:before{opacity:0.3;}.kadence-column8472_ffb7fb-3f, .kadence-column8472_ffb7fb-3f h1, .kadence-column8472_ffb7fb-3f h2, .kadence-column8472_ffb7fb-3f h3, .kadence-column8472_ffb7fb-3f h4, .kadence-column8472_ffb7fb-3f h5, .kadence-column8472_ffb7fb-3f h6{color:var(--accent);}.kadence-column8472_ffb7fb-3f{position:relative;}@media all and (max-width: 1024px){.kt-row-column-wrap > .kadence-column8472_ffb7fb-3f{align-self:center;}}@media all and (max-width: 1024px){.kt-inner-column-height-full:not(.kt-has-1-columns) > .wp-block-kadence-column.kadence-column8472_ffb7fb-3f{align-self:auto;}}@media all and (max-width: 1024px){.kt-inner-column-height-full:not(.kt-has-1-columns) > .wp-block-kadence-column.kadence-column8472_ffb7fb-3f > .kt-inside-inner-col{flex-direction:column;justify-content:center;}}@media all and (max-width: 1024px){.kadence-column8472_ffb7fb-3f > .kt-inside-inner-col{flex-direction:column;justify-content:center;}}@media all and (max-width: 767px){.kadence-column8472_ffb7fb-3f > .kt-inside-inner-col{padding-top:0px;padding-right:0px;padding-bottom:0px;padding-left:0px;flex-direction:column;justify-content:center;}.kt-row-column-wrap > .kadence-column8472_ffb7fb-3f{align-self:center;}.kt-inner-column-height-full:not(.kt-has-1-columns) > .wp-block-kadence-column.kadence-column8472_ffb7fb-3f{align-self:auto;}.kt-inner-column-height-full:not(.kt-has-1-columns) > .wp-block-kadence-column.kadence-column8472_ffb7fb-3f > .kt-inside-inner-col{flex-direction:column;justify-content:center;}}<\/style>\n<div class=\"wp-block-kadence-column kadence-column8472_ffb7fb-3f inner-column-2\"><div class=\"kt-inside-inner-col\"><style>.wp-block-kadence-advancedheading.kt-adv-heading8472_32789a-7f, .wp-block-kadence-advancedheading.kt-adv-heading8472_32789a-7f[data-kb-block=\"kb-adv-heading8472_32789a-7f\"]{text-align:center;font-style:normal;text-transform:uppercase;}.wp-block-kadence-advancedheading.kt-adv-heading8472_32789a-7f mark.kt-highlight, .wp-block-kadence-advancedheading.kt-adv-heading8472_32789a-7f[data-kb-block=\"kb-adv-heading8472_32789a-7f\"] mark.kt-highlight{font-style:normal;color:#f76a0c;-webkit-box-decoration-break:clone;box-decoration-break:clone;padding-top:0px;padding-right:0px;padding-bottom:0px;padding-left:0px;}.wp-block-kadence-advancedheading.kt-adv-heading8472_32789a-7f img.kb-inline-image, .wp-block-kadence-advancedheading.kt-adv-heading8472_32789a-7f[data-kb-block=\"kb-adv-heading8472_32789a-7f\"] img.kb-inline-image{width:150px;vertical-align:baseline;}@media all and (max-width: 767px){.wp-block-kadence-advancedheading.kt-adv-heading8472_32789a-7f, .wp-block-kadence-advancedheading.kt-adv-heading8472_32789a-7f[data-kb-block=\"kb-adv-heading8472_32789a-7f\"]{padding-top:10px;font-size:32px;}}<\/style>\n<h2 class=\"kt-adv-heading8472_32789a-7f wp-block-kadence-advancedheading\" data-kb-block=\"kb-adv-heading8472_32789a-7f\"><strong>Facturaci\u00f3n<\/strong><\/h2>\n\n<style>.wp-block-kadence-advancedheading.kt-adv-heading8472_108236-b6, .wp-block-kadence-advancedheading.kt-adv-heading8472_108236-b6[data-kb-block=\"kb-adv-heading8472_108236-b6\"]{text-align:left;font-style:normal;}.wp-block-kadence-advancedheading.kt-adv-heading8472_108236-b6 mark.kt-highlight, .wp-block-kadence-advancedheading.kt-adv-heading8472_108236-b6[data-kb-block=\"kb-adv-heading8472_108236-b6\"] mark.kt-highlight{font-style:normal;color:#f76a0c;-webkit-box-decoration-break:clone;box-decoration-break:clone;padding-top:0px;padding-right:0px;padding-bottom:0px;padding-left:0px;}.wp-block-kadence-advancedheading.kt-adv-heading8472_108236-b6 img.kb-inline-image, .wp-block-kadence-advancedheading.kt-adv-heading8472_108236-b6[data-kb-block=\"kb-adv-heading8472_108236-b6\"] img.kb-inline-image{width:150px;vertical-align:baseline;}<\/style>\n<p class=\"kt-adv-heading8472_108236-b6 wp-block-kadence-advancedheading\" data-kb-block=\"kb-adv-heading8472_108236-b6\">Solicita tu factura a trav\u00e9s de este formulario de contacto. La recibir\u00e1s antes del cierre de mes.<\/p>\n\n<p>[forminator_form id=\u00bb8475&#8243;]<\/p><\/div><\/div>\n\n<style>.kadence-column8472_20743c-9b > .kt-inside-inner-col{display:flex;}.kadence-column8472_20743c-9b > .kt-inside-inner-col{padding-right:50px;padding-left:59px;}.kadence-column8472_20743c-9b > .kt-inside-inner-col{min-height:500px;}.kadence-column8472_20743c-9b > .kt-inside-inner-col,.kadence-column8472_20743c-9b > .kt-inside-inner-col:before{border-top-left-radius:20px;border-top-right-radius:20px;border-bottom-right-radius:20px;border-bottom-left-radius:20px;}.kadence-column8472_20743c-9b > .kt-inside-inner-col{column-gap:var(--global-kb-gap-sm, 1rem);}.kadence-column8472_20743c-9b > .kt-inside-inner-col{flex-direction:column;justify-content:center;}.kadence-column8472_20743c-9b > .kt-inside-inner-col > .aligncenter{width:100%;}.kt-row-column-wrap > .kadence-column8472_20743c-9b{align-self:center;}.kt-inner-column-height-full:not(.kt-has-1-columns) > .wp-block-kadence-column.kadence-column8472_20743c-9b{align-self:auto;}.kt-inner-column-height-full:not(.kt-has-1-columns) > .wp-block-kadence-column.kadence-column8472_20743c-9b > .kt-inside-inner-col{flex-direction:column;justify-content:center;}.kadence-column8472_20743c-9b > .kt-inside-inner-col{background-image:url('https:\/\/lavendi.space\/estrublocknuevo\/wp-content\/uploads\/2026\/01\/Gemini_Generated_Image_jougwejougwejoug.jpeg');background-size:auto;background-position:46% 51%;background-attachment:scroll;background-repeat:no-repeat;}.kadence-column8472_20743c-9b > .kt-inside-inner-col:before{opacity:0.3;}.kadence-column8472_20743c-9b{position:relative;}@media all and (max-width: 1024px){.kt-row-column-wrap > .kadence-column8472_20743c-9b{align-self:center;}}@media all and (max-width: 1024px){.kt-inner-column-height-full:not(.kt-has-1-columns) > .wp-block-kadence-column.kadence-column8472_20743c-9b{align-self:auto;}}@media all and (max-width: 1024px){.kt-inner-column-height-full:not(.kt-has-1-columns) > .wp-block-kadence-column.kadence-column8472_20743c-9b > .kt-inside-inner-col{flex-direction:column;justify-content:center;}}@media all and (max-width: 1024px){.kadence-column8472_20743c-9b > .kt-inside-inner-col{flex-direction:column;justify-content:center;}}@media all and (max-width: 767px){.kadence-column8472_20743c-9b > .kt-inside-inner-col{padding-top:20px;padding-right:20px;padding-bottom:20px;padding-left:20px;flex-direction:column;justify-content:center;}.kt-row-column-wrap > .kadence-column8472_20743c-9b{align-self:center;}.kt-inner-column-height-full:not(.kt-has-1-columns) > .wp-block-kadence-column.kadence-column8472_20743c-9b{align-self:auto;}.kt-inner-column-height-full:not(.kt-has-1-columns) > .wp-block-kadence-column.kadence-column8472_20743c-9b > .kt-inside-inner-col{flex-direction:column;justify-content:center;}.kadence-column8472_20743c-9b, .kt-inside-inner-col > .kadence-column8472_20743c-9b:not(.specificity){margin-top:var(--global-kb-spacing-sm, 1.5rem);}}<\/style>\n<div class=\"wp-block-kadence-column kadence-column8472_20743c-9b inner-column-1\"><div class=\"kt-inside-inner-col\"><\/div><\/div>\n<\/div><\/div>","protected":false},"excerpt":{"rendered":"<p>Facturaci\u00f3n Solicita tu factura a trav\u00e9s de este formulario de contacto. La recibir\u00e1s antes del cierre de mes.<\/p>\n","protected":false},"author":69,"featured_media":0,"parent":0,"menu_order":0,"comment_status":"closed","ping_status":"closed","template":"","meta":{"_kad_blocks_custom_css":"","_kad_blocks_head_custom_js":"","_kad_blocks_body_custom_js":"","_kad_blocks_footer_custom_js":"","_joinchat":[],"footnotes":""},"class_list":{"0":"post-8472","1":"page","2":"type-page","3":"status-publish","5":"no-featured-image-padding"},"taxonomy_info":[],"featured_image_src_large":false,"author_info":{"display_name":"aejandro.moreno@lavendi.mx","author_link":"https:\/\/lavendi.space\/estrublocknuevo\/author\/aejandro-morenolavendi-mx"},"comment_info":0,"_links":{"self":[{"href":"https:\/\/lavendi.space\/estrublocknuevo\/wp-json\/wp\/v2\/pages\/8472","targetHints":{"allow":["GET"]}}],"collection":[{"href":"https:\/\/lavendi.space\/estrublocknuevo\/wp-json\/wp\/v2\/pages"}],"about":[{"href":"https:\/\/lavendi.space\/estrublocknuevo\/wp-json\/wp\/v2\/types\/page"}],"author":[{"embeddable":true,"href":"https:\/\/lavendi.space\/estrublocknuevo\/wp-json\/wp\/v2\/users\/69"}],"replies":[{"embeddable":true,"href":"https:\/\/lavendi.space\/estrublocknuevo\/wp-json\/wp\/v2\/comments?post=8472"}],"version-history":[{"count":6,"href":"https:\/\/lavendi.space\/estrublocknuevo\/wp-json\/wp\/v2\/pages\/8472\/revisions"}],"predecessor-version":[{"id":51266,"href":"https:\/\/lavendi.space\/estrublocknuevo\/wp-json\/wp\/v2\/pages\/8472\/revisions\/51266"}],"wp:attachment":[{"href":"https:\/\/lavendi.space\/estrublocknuevo\/wp-json\/wp\/v2\/media?parent=8472"}],"curies":[{"name":"wp","href":"https:\/\/api.w.org\/{rel}","templated":true}]}}